{"id":5180,"date":"2023-08-31T11:15:00","date_gmt":"2023-08-31T09:15:00","guid":{"rendered":"https:\/\/euregio-vocalworkshop.eu\/?page_id=5180"},"modified":"2023-09-20T11:21:23","modified_gmt":"2023-09-20T09:21:23","slug":"tjark-baumann","status":"publish","type":"page","link":"https:\/\/euregio-vocalworkshop.eu\/nl\/tjark-baumann\/","title":{"rendered":"Tjark Baumann"},"content":{"rendered":"\t\t<div data-elementor-type=\"wp-page\" data-elementor-id=\"5180\" class=\"elementor elementor-5180\" data-elementor-settings=\"{&quot;ha_cmc_init_switcher&quot;:&quot;no&quot;}\" data-elementor-post-type=\"page\">\n\t\t\t\t\t\t<section class=\"elementor-section elementor-top-section elementor-element elementor-element-985ef5c elementor-section-full_width elementor-section-height-min-height elementor-section-height-default elementor-section-items-middle\" data-id=\"985ef5c\" data-element_type=\"section\" data-settings=\"{&quot;background_background&quot;:&quot;classic&quot;}\">\n\t\t\t\t\t\t<div class=\"elementor-container elementor-column-gap-default\">\n\t\t\t\t\t<div class=\"elementor-column elementor-col-100 elementor-top-column elementor-element elementor-element-e4e8c3e\" data-id=\"e4e8c3e\" data-element_type=\"column\">\n\t\t\t<div class=\"elementor-widget-wrap\">\n\t\t\t\t\t\t\t<\/div>\n\t\t<\/div>\n\t\t\t\t\t<\/div>\n\t\t<\/section>\n\t\t\t\t<section class=\"elementor-section elementor-top-section elementor-element elementor-element-3759b68 elementor-section-boxed elementor-section-height-default elementor-section-height-default\" data-id=\"3759b68\" data-element_type=\"section\">\n\t\t\t\t\t\t<div class=\"elementor-container elementor-column-gap-default\">\n\t\t\t\t\t<div class=\"elementor-column elementor-col-100 elementor-top-column elementor-element elementor-element-9e310e0\" data-id=\"9e310e0\" data-element_type=\"column\">\n\t\t\t<div class=\"elementor-widget-wrap elementor-element-populated\">\n\t\t\t\t\t\t<div class=\"elementor-element elementor-element-5c73820 elementor-invisible elementor-widget elementor-widget-heading\" data-id=\"5c73820\" data-element_type=\"widget\" data-settings=\"{&quot;_animation&quot;:&quot;fadeIn&quot;,&quot;_animation_delay&quot;:400}\" data-widget_type=\"heading.default\">\n\t\t\t\t<div class=\"elementor-widget-container\">\n\t\t\t\t\t<h1 class=\"elementor-heading-title elementor-size-default\"><br>tjark baumann <br>tenor\n<small>2024<span style=\"color: var( --e-global-color-text ); font-size: 2.2em;\"><\/span><span style=\"color: var( --e-global-color-text ); font-size: 2.2em;\"><\/span><\/small><\/h1>\t\t\t\t<\/div>\n\t\t\t\t<\/div>\n\t\t\t\t<div class=\"elementor-element elementor-element-f5b451b elementor-invisible elementor-widget elementor-widget-text-editor\" data-id=\"f5b451b\" data-element_type=\"widget\" data-settings=\"{&quot;_animation&quot;:&quot;fadeIn&quot;,&quot;_animation_delay&quot;:800}\" data-widget_type=\"text-editor.default\">\n\t\t\t\t<div class=\"elementor-widget-container\">\n\t\t\t\t\t\t\t\t\t<p>Tjark Baumann, in 1976 geboren te Leer (Ostfriesland), studeerde schoolmuziek aan de Universiteit van Dortmund, en aansluitend zang bij Prof. Berthold Schmid aan de Hogeschool voor Muziek in Detmold.<\/p><p>\u00a0<\/p><p>Tot zijn repertoire als klassieke tenor horen naast kerk- en kamermuziekwerken talrijke meer theatrale rollen, die te horen zijn op podia in Duitsland (w.o. het Festspielhaus Recklinghausen en de stadsschouwburg in Dortmund) en op concerttournees.<\/p><p>\u00a0<\/p><p>Docentschappen voor zang en stemtraining aan de Universiteit van Dortmund, de Toneelschool Regensburg en bij het kinder- en jeugdkoor &#8216;Cantemus-Regensburg&#8217; en zijn werk als hoofd van de zangafdeling van de Muziekschool Hamm (Westfalen) markeren zijn pad als pedagoog.<\/p><p>\u00a0<\/p><p>Daarnaast is Tjark Baumann een veelgevraagd vertolker, arrangeur en componist van concert- en scenische populaire muziek (musicals, koormuziek, cabaretliederen).<\/p><p>Hij schreef verschillende succesvolle leerboeken voor solozang en koor, zoals &#8220;nat\u00fcrlich singen!&#8221; (2008) en &#8220;nat\u00fcrlich mitsingen!&#8221; (2011). In 2016 vond de wereldpremi\u00e8re plaats van zijn compositie &#8220;Missa 4 You(th)&#8221;, een pop-mis waarvan verschillende uitvoeringen op YouTube te vinden zijn.<\/p>\t\t\t\t\t\t\t\t<\/div>\n\t\t\t\t<\/div>\n\t\t\t\t\t<\/div>\n\t\t<\/div>\n\t\t\t\t\t<\/div>\n\t\t<\/section>\n\t\t\t\t<section class=\"elementor-section elementor-top-section elementor-element elementor-element-aaa3663 elementor-section-boxed elementor-section-height-default elementor-section-height-default\" data-id=\"aaa3663\" data-element_type=\"section\">\n\t\t\t\t\t\t<div class=\"elementor-container elementor-column-gap-default\">\n\t\t\t\t\t<div class=\"elementor-column elementor-col-100 elementor-top-column elementor-element elementor-element-bc07b81\" data-id=\"bc07b81\" data-element_type=\"column\">\n\t\t\t<div class=\"elementor-widget-wrap elementor-element-populated\">\n\t\t\t\t\t\t<div class=\"elementor-element elementor-element-e7b49df elementor-align-center elementor-widget elementor-widget-button\" data-id=\"e7b49df\" data-element_type=\"widget\" data-widget_type=\"button.default\">\n\t\t\t\t<div class=\"elementor-widget-container\">\n\t\t\t\t\t\t\t\t\t<div class=\"elementor-button-wrapper\">\n\t\t\t\t\t<a class=\"elementor-button elementor-button-link elementor-size-xl\" href=\"https:\/\/euregio-vocalworkshop.eu\/nl\/#team\">\n\t\t\t\t\t\t<span class=\"elementor-button-content-wrapper\">\n\t\t\t\t\t\t<span class=\"elementor-button-icon\">\n\t\t\t\t<i aria-hidden=\"true\" class=\"far fa-angle-right\"><\/i>\t\t\t<\/span>\n\t\t\t\t\t\t\t\t\t<span class=\"elementor-button-text\">Naar het team<\/span>\n\t\t\t\t\t<\/span>\n\t\t\t\t\t<\/a>\n\t\t\t\t<\/div>\n\t\t\t\t\t\t\t\t<\/div>\n\t\t\t\t<\/div>\n\t\t\t\t\t<\/div>\n\t\t<\/div>\n\t\t\t\t\t<\/div>\n\t\t<\/section>\n\t\t\t\t<\/div>\n\t\t","protected":false},"excerpt":{"rendered":"<p>tjark baumann tenor 2024 Tjark Baumann, in 1976 geboren te Leer (Ostfriesland), studeerde schoolmuziek aan de Universiteit van Dortmund, en aansluitend zang bij Prof. Berthold Schmid aan de Hogeschool voor Muziek in Detmold. \u00a0 Tot zijn repertoire als klassieke tenor horen naast kerk- en kamermuziekwerken talrijke meer theatrale rollen, die te horen zijn op podia [&hellip;]<\/p>\n","protected":false},"author":10,"featured_media":0,"parent":0,"menu_order":0,"comment_status":"closed","ping_status":"closed","template":"","meta":{"_acf_changed":false,"footnotes":""},"class_list":["post-5180","page","type-page","status-publish","hentry"],"acf":[],"yoast_head":"<!-- This site is optimized with the Yoast SEO plugin v24.8.1 - https:\/\/yoast.com\/wordpress\/plugins\/seo\/ -->\n<title>Tjark Baumann - Euregio Vocalworkshop<\/title>\n<meta name=\"robots\" content=\"index, follow, max-snippet:-1, max-image-preview:large, max-video-preview:-1\" \/>\n<link rel=\"canonical\" href=\"https:\/\/euregio-vocalworkshop.eu\/nl\/tjark-baumann\/\" \/>\n<meta property=\"og:locale\" content=\"nl_NL\" \/>\n<meta property=\"og:type\" content=\"article\" \/>\n<meta property=\"og:title\" content=\"Tjark Baumann - Euregio Vocalworkshop\" \/>\n<meta property=\"og:description\" content=\"tjark baumann tenor 2024 Tjark Baumann, in 1976 geboren te Leer (Ostfriesland), studeerde schoolmuziek aan de Universiteit van Dortmund, en aansluitend zang bij Prof. Berthold Schmid aan de Hogeschool voor Muziek in Detmold. \u00a0 Tot zijn repertoire als klassieke tenor horen naast kerk- en kamermuziekwerken talrijke meer theatrale rollen, die te horen zijn op podia [&hellip;]\" \/>\n<meta property=\"og:url\" content=\"https:\/\/euregio-vocalworkshop.eu\/nl\/tjark-baumann\/\" \/>\n<meta property=\"og:site_name\" content=\"Euregio Vocalworkshop\" \/>\n<meta property=\"article:modified_time\" content=\"2023-09-20T09:21:23+00:00\" \/>\n<meta name=\"twitter:card\" content=\"summary_large_image\" \/>\n<meta name=\"twitter:label1\" content=\"Geschatte leestijd\" \/>\n\t<meta name=\"twitter:data1\" content=\"1 minuut\" \/>\n<script type=\"application\/ld+json\" class=\"yoast-schema-graph\">{\"@context\":\"https:\/\/schema.org\",\"@graph\":[{\"@type\":\"WebPage\",\"@id\":\"https:\/\/euregio-vocalworkshop.eu\/nl\/tjark-baumann\/\",\"url\":\"https:\/\/euregio-vocalworkshop.eu\/nl\/tjark-baumann\/\",\"name\":\"Tjark Baumann - Euregio Vocalworkshop\",\"isPartOf\":{\"@id\":\"https:\/\/euregio-vocalworkshop.eu\/nl\/#website\"},\"datePublished\":\"2023-08-31T09:15:00+00:00\",\"dateModified\":\"2023-09-20T09:21:23+00:00\",\"breadcrumb\":{\"@id\":\"https:\/\/euregio-vocalworkshop.eu\/nl\/tjark-baumann\/#breadcrumb\"},\"inLanguage\":\"nl-NL\",\"potentialAction\":[{\"@type\":\"ReadAction\",\"target\":[\"https:\/\/euregio-vocalworkshop.eu\/nl\/tjark-baumann\/\"]}]},{\"@type\":\"BreadcrumbList\",\"@id\":\"https:\/\/euregio-vocalworkshop.eu\/nl\/tjark-baumann\/#breadcrumb\",\"itemListElement\":[{\"@type\":\"ListItem\",\"position\":1,\"name\":\"Startseite\",\"item\":\"https:\/\/euregio-vocalworkshop.eu\/nl\/\"},{\"@type\":\"ListItem\",\"position\":2,\"name\":\"Tjark Baumann\"}]},{\"@type\":\"WebSite\",\"@id\":\"https:\/\/euregio-vocalworkshop.eu\/nl\/#website\",\"url\":\"https:\/\/euregio-vocalworkshop.eu\/nl\/\",\"name\":\"Euregio Vocalworkshop\",\"description\":\"\",\"publisher\":{\"@id\":\"https:\/\/euregio-vocalworkshop.eu\/nl\/#organization\"},\"potentialAction\":[{\"@type\":\"SearchAction\",\"target\":{\"@type\":\"EntryPoint\",\"urlTemplate\":\"https:\/\/euregio-vocalworkshop.eu\/nl\/?s={search_term_string}\"},\"query-input\":{\"@type\":\"PropertyValueSpecification\",\"valueRequired\":true,\"valueName\":\"search_term_string\"}}],\"inLanguage\":\"nl-NL\"},{\"@type\":\"Organization\",\"@id\":\"https:\/\/euregio-vocalworkshop.eu\/nl\/#organization\",\"name\":\"Euregio Vocalworkshop\",\"url\":\"https:\/\/euregio-vocalworkshop.eu\/nl\/\",\"logo\":{\"@type\":\"ImageObject\",\"inLanguage\":\"nl-NL\",\"@id\":\"https:\/\/euregio-vocalworkshop.eu\/nl\/#\/schema\/logo\/image\/\",\"url\":\"https:\/\/euregio-vocalworkshop.eu\/wp-content\/uploads\/logo-evw-deutsch.svg\",\"contentUrl\":\"https:\/\/euregio-vocalworkshop.eu\/wp-content\/uploads\/logo-evw-deutsch.svg\",\"width\":656,\"height\":346,\"caption\":\"Euregio Vocalworkshop\"},\"image\":{\"@id\":\"https:\/\/euregio-vocalworkshop.eu\/nl\/#\/schema\/logo\/image\/\"}}]}<\/script>\n<!-- \/ Yoast SEO plugin. -->","yoast_head_json":{"title":"Tjark Baumann - Euregio Vocalworkshop","robots":{"index":"index","follow":"follow","max-snippet":"max-snippet:-1","max-image-preview":"max-image-preview:large","max-video-preview":"max-video-preview:-1"},"canonical":"https:\/\/euregio-vocalworkshop.eu\/nl\/tjark-baumann\/","og_locale":"nl_NL","og_type":"article","og_title":"Tjark Baumann - Euregio Vocalworkshop","og_description":"tjark baumann tenor 2024 Tjark Baumann, in 1976 geboren te Leer (Ostfriesland), studeerde schoolmuziek aan de Universiteit van Dortmund, en aansluitend zang bij Prof. Berthold Schmid aan de Hogeschool voor Muziek in Detmold. \u00a0 Tot zijn repertoire als klassieke tenor horen naast kerk- en kamermuziekwerken talrijke meer theatrale rollen, die te horen zijn op podia [&hellip;]","og_url":"https:\/\/euregio-vocalworkshop.eu\/nl\/tjark-baumann\/","og_site_name":"Euregio Vocalworkshop","article_modified_time":"2023-09-20T09:21:23+00:00","twitter_card":"summary_large_image","twitter_misc":{"Geschatte leestijd":"1 minuut"},"schema":{"@context":"https:\/\/schema.org","@graph":[{"@type":"WebPage","@id":"https:\/\/euregio-vocalworkshop.eu\/nl\/tjark-baumann\/","url":"https:\/\/euregio-vocalworkshop.eu\/nl\/tjark-baumann\/","name":"Tjark Baumann - Euregio Vocalworkshop","isPartOf":{"@id":"https:\/\/euregio-vocalworkshop.eu\/nl\/#website"},"datePublished":"2023-08-31T09:15:00+00:00","dateModified":"2023-09-20T09:21:23+00:00","breadcrumb":{"@id":"https:\/\/euregio-vocalworkshop.eu\/nl\/tjark-baumann\/#breadcrumb"},"inLanguage":"nl-NL","potentialAction":[{"@type":"ReadAction","target":["https:\/\/euregio-vocalworkshop.eu\/nl\/tjark-baumann\/"]}]},{"@type":"BreadcrumbList","@id":"https:\/\/euregio-vocalworkshop.eu\/nl\/tjark-baumann\/#breadcrumb","itemListElement":[{"@type":"ListItem","position":1,"name":"Startseite","item":"https:\/\/euregio-vocalworkshop.eu\/nl\/"},{"@type":"ListItem","position":2,"name":"Tjark Baumann"}]},{"@type":"WebSite","@id":"https:\/\/euregio-vocalworkshop.eu\/nl\/#website","url":"https:\/\/euregio-vocalworkshop.eu\/nl\/","name":"Euregio Vocalworkshop","description":"","publisher":{"@id":"https:\/\/euregio-vocalworkshop.eu\/nl\/#organization"},"potentialAction":[{"@type":"SearchAction","target":{"@type":"EntryPoint","urlTemplate":"https:\/\/euregio-vocalworkshop.eu\/nl\/?s={search_term_string}"},"query-input":{"@type":"PropertyValueSpecification","valueRequired":true,"valueName":"search_term_string"}}],"inLanguage":"nl-NL"},{"@type":"Organization","@id":"https:\/\/euregio-vocalworkshop.eu\/nl\/#organization","name":"Euregio Vocalworkshop","url":"https:\/\/euregio-vocalworkshop.eu\/nl\/","logo":{"@type":"ImageObject","inLanguage":"nl-NL","@id":"https:\/\/euregio-vocalworkshop.eu\/nl\/#\/schema\/logo\/image\/","url":"https:\/\/euregio-vocalworkshop.eu\/wp-content\/uploads\/logo-evw-deutsch.svg","contentUrl":"https:\/\/euregio-vocalworkshop.eu\/wp-content\/uploads\/logo-evw-deutsch.svg","width":656,"height":346,"caption":"Euregio Vocalworkshop"},"image":{"@id":"https:\/\/euregio-vocalworkshop.eu\/nl\/#\/schema\/logo\/image\/"}}]}},"_links":{"self":[{"href":"https:\/\/euregio-vocalworkshop.eu\/nl\/wp-json\/wp\/v2\/pages\/5180","targetHints":{"allow":["GET"]}}],"collection":[{"href":"https:\/\/euregio-vocalworkshop.eu\/nl\/wp-json\/wp\/v2\/pages"}],"about":[{"href":"https:\/\/euregio-vocalworkshop.eu\/nl\/wp-json\/wp\/v2\/types\/page"}],"author":[{"embeddable":true,"href":"https:\/\/euregio-vocalworkshop.eu\/nl\/wp-json\/wp\/v2\/users\/10"}],"replies":[{"embeddable":true,"href":"https:\/\/euregio-vocalworkshop.eu\/nl\/wp-json\/wp\/v2\/comments?post=5180"}],"version-history":[{"count":29,"href":"https:\/\/euregio-vocalworkshop.eu\/nl\/wp-json\/wp\/v2\/pages\/5180\/revisions"}],"predecessor-version":[{"id":5659,"href":"https:\/\/euregio-vocalworkshop.eu\/nl\/wp-json\/wp\/v2\/pages\/5180\/revisions\/5659"}],"wp:attachment":[{"href":"https:\/\/euregio-vocalworkshop.eu\/nl\/wp-json\/wp\/v2\/media?parent=5180"}],"curies":[{"name":"wp","href":"https:\/\/api.w.org\/{rel}","templated":true}]}}